{"id":904,"date":"2017-07-02T20:05:02","date_gmt":"2017-07-02T19:05:02","guid":{"rendered":"http:\/\/christiankaiser.ch\/talk\/?page_id=904"},"modified":"2017-07-02T20:05:02","modified_gmt":"2017-07-02T19:05:02","slug":"wieder-zu-hause","status":"publish","type":"page","link":"https:\/\/christiankaiser.ch\/talk\/","title":{"rendered":"Raus in die Welt &#8211; und wieder zur\u00fcck nach Hause"},"content":{"rendered":"<p>Wir sind wieder zuhause! Mit unserer Reise ist nun auch dieser Reise-Blog abgeschlossen. Unsere vielen Erlebnisse haben wir in Kopf und Herz gespeichert, aber auch auf diversen Fotos und in diesem Reise-Blog festgehalten.<\/p>\n<h4>Buenos Aires<\/h4>\n<p><img loading=\"lazy\" decoding=\"async\" class=\"aligncenter size-full wp-image-138\" src=\"http:\/\/christiankaiser.ch\/talk\/wp-content\/uploads\/2016\/12\/2016-12-16-1-NueveJulio.jpg\" alt=\"\" width=\"1200\" height=\"700\" srcset=\"https:\/\/christiankaiser.ch\/talk\/wp-content\/uploads\/2016\/12\/2016-12-16-1-NueveJulio.jpg 1200w, https:\/\/christiankaiser.ch\/talk\/wp-content\/uploads\/2016\/12\/2016-12-16-1-NueveJulio-300x175.jpg 300w, https:\/\/christiankaiser.ch\/talk\/wp-content\/uploads\/2016\/12\/2016-12-16-1-NueveJulio-768x448.jpg 768w, https:\/\/christiankaiser.ch\/talk\/wp-content\/uploads\/2016\/12\/2016-12-16-1-NueveJulio-600x350.jpg 600w\" sizes=\"auto, (max-width: 1200px) 100vw, 1200px\" \/><\/p>\n<p>Alles begann in Buenos Aires, wo wir uns <a href=\"http:\/\/christiankaiser.ch\/talk\/la-maleta-desaparecida\/\">nach einem ersten Schreck<\/a> bestens eingelebt hatten. Sechs Wochen lang besuchten wir den <a href=\"http:\/\/christiankaiser.ch\/talk\/hemos-llegado\/\">Spanisch-Unterricht<\/a>, den Schulweg legten wir meist zu Fuss auf der\u00a0<a href=\"http:\/\/christiankaiser.ch\/talk\/avenida-santa-fe\/\">Avenida Santa Fe<\/a>\u00a0zur\u00fcck. Hier verbrachten wir\u00a0<a href=\"http:\/\/christiankaiser.ch\/talk\/que-pasa-con-los-chicos\/\">Weihnachten<\/a> und \u00a0feierten\u00a0<a href=\"http:\/\/christiankaiser.ch\/talk\/cambio-del-ano\/\">eine gem\u00fctliche Silvesterparty<\/a>, besuchten <a href=\"http:\/\/christiankaiser.ch\/talk\/la-boca\/\">La Boca<\/a>, das <a href=\"http:\/\/christiankaiser.ch\/talk\/el-teatro-colon\/\">Teatro Col\u00f3n<\/a> und andere Sehensw\u00fcrdigkeiten. Einmal\u00a0fuhren wir <a href=\"http:\/\/christiankaiser.ch\/talk\/una-excursion-diurna-a-uruguay\/\">mit der F\u00e4hre nach Uruguay<\/a> und wieder zur\u00fcck, wir gelangten <a href=\"http:\/\/christiankaiser.ch\/talk\/en-mision-secreta\/\">in die verstecktesten Bars<\/a>, assen <a href=\"http:\/\/christiankaiser.ch\/talk\/las-puertas-cerradas\/\">hinter geschlossenen T\u00fcren<\/a> und <a href=\"http:\/\/christiankaiser.ch\/talk\/ultima-semana-en-buenos-aires\/\">f\u00fchlten uns wie zuhause<\/a>.<\/p>\n<h4>Patagonien<\/h4>\n<p><img loading=\"lazy\" decoding=\"async\" class=\"aligncenter size-full wp-image-362\" src=\"http:\/\/christiankaiser.ch\/talk\/wp-content\/uploads\/2017\/02\/2017-02-12-TorresDelViento-6.jpg\" alt=\"\" width=\"1200\" height=\"700\" srcset=\"https:\/\/christiankaiser.ch\/talk\/wp-content\/uploads\/2017\/02\/2017-02-12-TorresDelViento-6.jpg 1200w, https:\/\/christiankaiser.ch\/talk\/wp-content\/uploads\/2017\/02\/2017-02-12-TorresDelViento-6-300x175.jpg 300w, https:\/\/christiankaiser.ch\/talk\/wp-content\/uploads\/2017\/02\/2017-02-12-TorresDelViento-6-768x448.jpg 768w, https:\/\/christiankaiser.ch\/talk\/wp-content\/uploads\/2017\/02\/2017-02-12-TorresDelViento-6-600x350.jpg 600w\" sizes=\"auto, (max-width: 1200px) 100vw, 1200px\" \/><\/p>\n<p>Bald reisten wir nach Patagonien weiter. <a href=\"http:\/\/christiankaiser.ch\/talk\/a-traves-de-los-andes-a-chile\/\">Mit dem Bus \u00fcberquerten wir die Anden<\/a>, um dann in Chile mit dem Mietauto auf der <a href=\"http:\/\/christiankaiser.ch\/talk\/carretera-austral\/\">Carretera Austral<\/a> s\u00fcdw\u00e4rts zu fahren. <a href=\"http:\/\/christiankaiser.ch\/talk\/carretera-austral-2\/\">Die grossartige Landschaft<\/a> genossen wir zur Abwechslung auch mal <a href=\"http:\/\/christiankaiser.ch\/talk\/lago-general-carrera\/\">im Kanu<\/a>, bevor wir dann durchs <a href=\"http:\/\/christiankaiser.ch\/talk\/de-guanacos-y-gauchos\/\">Valle Chacabuco<\/a> wieder nach Argentinien fuhren. Hier erlebten wir auf der <a href=\"http:\/\/christiankaiser.ch\/talk\/ruta-nacional-40\/\">Ruta Nacional N\u00ba 40<\/a> so einige Abenteuer, und in El Chalt\u00e9n konnten wir bei bestem Wetter zu <a href=\"http:\/\/christiankaiser.ch\/talk\/las-montanas-famosas\/\">Cerro Torre und Mount Fitzroy<\/a> wandern. Von El Calafate aus unternahmen wir eine Tour zum <a href=\"http:\/\/christiankaiser.ch\/talk\/el-glaciar-insidioso\/\">Perito Moreno-Gletscher<\/a>, danach fuhren wir in den <a href=\"http:\/\/christiankaiser.ch\/talk\/torres-del-viento\/\">Torres del Paine-Nationalpark<\/a> und schliesslich nach <a href=\"http:\/\/christiankaiser.ch\/talk\/el-frigorifico-de-puerto-bories\/\">Puerto Natales<\/a>. Hier endete unsere Autofahrt und wir stachen mit der <a href=\"http:\/\/christiankaiser.ch\/talk\/campo-del-hielo-sur\/\">M\/N Skorpios<\/a> in See, um die faszinierende Gletscherwelt des s\u00fcdlichen Eisfelds aus der N\u00e4he zu betrachten.<\/p>\n<h4>Sydney<\/h4>\n<p><img loading=\"lazy\" decoding=\"async\" class=\"aligncenter size-full wp-image-1009\" src=\"http:\/\/christiankaiser.ch\/talk\/wp-content\/uploads\/2017\/06\/Sydney.jpg\" alt=\"\" width=\"1200\" height=\"700\" srcset=\"https:\/\/christiankaiser.ch\/talk\/wp-content\/uploads\/2017\/06\/Sydney.jpg 1200w, https:\/\/christiankaiser.ch\/talk\/wp-content\/uploads\/2017\/06\/Sydney-300x175.jpg 300w, https:\/\/christiankaiser.ch\/talk\/wp-content\/uploads\/2017\/06\/Sydney-768x448.jpg 768w, https:\/\/christiankaiser.ch\/talk\/wp-content\/uploads\/2017\/06\/Sydney-600x350.jpg 600w\" sizes=\"auto, (max-width: 1200px) 100vw, 1200px\" \/><\/p>\n<p>Zur\u00fcck in Buenos Aires bestiegen wir <a href=\"http:\/\/christiankaiser.ch\/talk\/sleepless-in-sydney\/\">einen supermodernen Flieger<\/a> und gelangten \u00fcber den S\u00fcdpazifik nach Sydney. Hier <a href=\"http:\/\/christiankaiser.ch\/talk\/a-fair-go-between-coathanger-and-toaster\/\">machten wir es uns erst mal gem\u00fctlich<\/a>, bevor wir dann <a href=\"http:\/\/christiankaiser.ch\/talk\/the-lizards-of-oz\/\">den Zoo<\/a>, <a href=\"http:\/\/christiankaiser.ch\/talk\/young-russians-play-the-opera-house\/\">das Opernhaus<\/a> und den Rest der Stadt erkundeten. An einem Wochenende fand grad auch noch <a href=\"http:\/\/christiankaiser.ch\/talk\/fat-tuesday-on-a-saturday\/\">die Mardi Gras-Parade<\/a>\u00a0statt. Nach zwei Wochen machten wir einen <a href=\"http:\/\/christiankaiser.ch\/talk\/wine-and-dine-in-the-other-big-smoke\/\">Ausflug nach Melbourne<\/a>, wo wir nebst der Stadt auch ein paar Weing\u00fcter besichtigten, danach fuhren wir mit dem GSR Overland Zug nach Adelaide, wo die <a href=\"http:\/\/christiankaiser.ch\/talk\/ripper-music-and-bonzer-wine\/\">\u00abParov Stelar Band\u00bb<\/a> an einem Openair auftrat. Zur\u00fcck in Sydney war\u2019s dann leider <a href=\"http:\/\/christiankaiser.ch\/talk\/meteorologically-challenged\/\">ziemlich\u00a0regnerisch<\/a>, so dass wir <a href=\"http:\/\/christiankaiser.ch\/talk\/taking-the-togs-to-the-eastern-beaches\/\">die Str\u00e4nde im Osten<\/a> erst <a href=\"http:\/\/christiankaiser.ch\/talk\/one-last-week-in-the-lucky-country\/\">gegen den Schluss unseres Aufenthalts<\/a> geniessen konnten. Zum Gl\u00fcck blieb das Wetter aber\u00a0bei der <a href=\"http:\/\/christiankaiser.ch\/talk\/opra-straya\/\">Openair-Auff\u00fchrung von\u00a0\u00abCarmen\u00bb<\/a>\u00a0und auch bei unserem <a href=\"http:\/\/christiankaiser.ch\/talk\/some-spiffy-bush\/\">Ausflug in die Blue Mountains<\/a>\u00a0trocken.<\/p>\n<h4>Fidschi<\/h4>\n<p><img loading=\"lazy\" decoding=\"async\" class=\"aligncenter size-full wp-image-602\" src=\"http:\/\/christiankaiser.ch\/talk\/wp-content\/uploads\/2017\/04\/2017-04-08-Fidschi-1-banner-1.jpg\" alt=\"\" width=\"1200\" height=\"700\" srcset=\"https:\/\/christiankaiser.ch\/talk\/wp-content\/uploads\/2017\/04\/2017-04-08-Fidschi-1-banner-1.jpg 1200w, https:\/\/christiankaiser.ch\/talk\/wp-content\/uploads\/2017\/04\/2017-04-08-Fidschi-1-banner-1-300x175.jpg 300w, https:\/\/christiankaiser.ch\/talk\/wp-content\/uploads\/2017\/04\/2017-04-08-Fidschi-1-banner-1-768x448.jpg 768w, https:\/\/christiankaiser.ch\/talk\/wp-content\/uploads\/2017\/04\/2017-04-08-Fidschi-1-banner-1-600x350.jpg 600w\" sizes=\"auto, (max-width: 1200px) 100vw, 1200px\" \/><\/p>\n<p>Die n\u00e4chste Station unserer Reise war Fidschi, wo wir uns eine Woche auf eine <a href=\"http:\/\/christiankaiser.ch\/talk\/yanuyanu-lailai-auf-der-einsamen-schatzinsel\/\">einsame Insel<\/a> zur\u00fcckzogen und <a href=\"http:\/\/christiankaiser.ch\/talk\/navutu-totoka-ein-tag-am-meer\/\">das s\u00fcsse Nichtstun<\/a> genossen. Leider verging diese Woche viel zu schnell und schon mussten wir weiter. Im <a href=\"http:\/\/christiankaiser.ch\/talk\/ni-sa-mode-from-fiji-with-love\/\">Wasserflugzeug<\/a> ging\u2019s zur Hauptinsel, und von dort nach <a href=\"http:\/\/christiankaiser.ch\/talk\/stop-over-bei-den-kiwis\/\">Auckland<\/a>, wo wir noch einen kurzen Stop einlegten, bevor wir wieder auf die Nordhalbkugel zur\u00fcckkehrten.<\/p>\n<h4>Seoul<\/h4>\n<p><img loading=\"lazy\" decoding=\"async\" class=\"size-full wp-image-738\" src=\"http:\/\/christiankaiser.ch\/talk\/wp-content\/uploads\/2017\/05\/2017-04-24-Gyeongbokgung-4.jpg\" alt=\"\" width=\"1200\" height=\"700\" srcset=\"https:\/\/christiankaiser.ch\/talk\/wp-content\/uploads\/2017\/05\/2017-04-24-Gyeongbokgung-4.jpg 1200w, https:\/\/christiankaiser.ch\/talk\/wp-content\/uploads\/2017\/05\/2017-04-24-Gyeongbokgung-4-300x175.jpg 300w, https:\/\/christiankaiser.ch\/talk\/wp-content\/uploads\/2017\/05\/2017-04-24-Gyeongbokgung-4-768x448.jpg 768w, https:\/\/christiankaiser.ch\/talk\/wp-content\/uploads\/2017\/05\/2017-04-24-Gyeongbokgung-4-600x350.jpg 600w\" sizes=\"auto, (max-width: 1200px) 100vw, 1200px\" \/><\/p>\n<p>In Seoul bezogen wir f\u00fcr einen Monat <a href=\"http:\/\/christiankaiser.ch\/talk\/analphabeten-im-hanok\/\">einen liebevoll eingerichteten Hanok<\/a> und staunten \u00fcber den <a href=\"http:\/\/christiankaiser.ch\/talk\/das-wunder-am-han-fluss\/\">kometenhaften Aufstieg der S\u00fcdkoreaner<\/a>. Abenteuerlich war der <a href=\"http:\/\/christiankaiser.ch\/talk\/im-lande-mordor-wo-die-schatten-drohen\/\">Ausflug an die DMZ<\/a>, wo wir einen Blick auf Nordkorea erhaschen konnten. In Seoul <a href=\"http:\/\/christiankaiser.ch\/talk\/making-character-fancy-wood-of-lotus-flower-boy\/\">machten wir Taekwondo und einen Kochkurs<\/a> und besichtigten ungef\u00e4hr so <a href=\"http:\/\/christiankaiser.ch\/talk\/im-selfie-palast\/\">jeden Palast<\/a> der Stadt. Eindr\u00fccklich war der Blick vom <a href=\"http:\/\/christiankaiser.ch\/talk\/schoene-aussicht-und-unnoetiges-wissen\/\">N Seoul Tower<\/a> herab, sowie eine <a href=\"http:\/\/christiankaiser.ch\/talk\/in-den-dobong-bergen\/\">Wanderung in den nahen Dobong-Bergen<\/a>. Und f\u00fcr das <a href=\"http:\/\/christiankaiser.ch\/talk\/happy-birthday-buddha\/\">Lotus-Laternen-Festival<\/a> hatte sich die Stadt sch\u00f6n bunt geschm\u00fcckt.<\/p>\n<h4>Beijing \u2013 Xi&#8217;an \u2013 Jangtse<\/h4>\n<p><img loading=\"lazy\" decoding=\"async\" class=\"aligncenter size-full wp-image-812\" src=\"http:\/\/christiankaiser.ch\/talk\/wp-content\/uploads\/2017\/05\/2017-05-09-Mauer-3.jpg\" alt=\"\" width=\"1200\" height=\"700\" srcset=\"https:\/\/christiankaiser.ch\/talk\/wp-content\/uploads\/2017\/05\/2017-05-09-Mauer-3.jpg 1200w, https:\/\/christiankaiser.ch\/talk\/wp-content\/uploads\/2017\/05\/2017-05-09-Mauer-3-300x175.jpg 300w, https:\/\/christiankaiser.ch\/talk\/wp-content\/uploads\/2017\/05\/2017-05-09-Mauer-3-768x448.jpg 768w, https:\/\/christiankaiser.ch\/talk\/wp-content\/uploads\/2017\/05\/2017-05-09-Mauer-3-600x350.jpg 600w\" sizes=\"auto, (max-width: 1200px) 100vw, 1200px\" \/><\/p>\n<p>Schliesslich gelangten wir nach China. Zuerst reisten wir nach Beijing, wo wir <a href=\"http:\/\/christiankaiser.ch\/talk\/im-ameisenhaufen-der-mitte\/\">die verbotene Stadt<\/a> besichtigten, einen Ausflug auf <a href=\"http:\/\/christiankaiser.ch\/talk\/frueher-gegen-mongolen-heute-fuer-touristen\/\">die Chinesische Mauer<\/a> machten und <a href=\"http:\/\/christiankaiser.ch\/talk\/architektur-kopiert-oder-importiert\/\">die Stadt auf eigene Faust erkundeten<\/a>. Als n\u00e4chstes <a href=\"http:\/\/christiankaiser.ch\/talk\/ein-land-explodiert\/\">fuhren wir mit dem Schnellzug<\/a> nach Xi\u2019an, um <a href=\"http:\/\/christiankaiser.ch\/talk\/kaiser-qings-privatarmee\/\">die Terrakotta-Armee von Kaiser Qing<\/a> zu besichtigten. Schliesslich brachte uns ein kurzer Flug nach Wuhan und ein Auto nach Yichang, wo wir eine Flusskreuzfahrt auf dem Jangtse machten. Mit dem Schiff kamen wir zuerst an der <a href=\"http:\/\/christiankaiser.ch\/talk\/der-verdammte-fluss\/\">Drei-Schluchten-Talsperre<\/a> vorbei, danach <a href=\"http:\/\/christiankaiser.ch\/talk\/china-verstehen-auf-dem-yangtse\/\">tuckerten wir zwei Tage den Fluss hoch<\/a>, bis nach Chongqing.<\/p>\n<h4>Shanghai<\/h4>\n<p><img loading=\"lazy\" decoding=\"async\" class=\"aligncenter size-full wp-image-958\" src=\"http:\/\/christiankaiser.ch\/talk\/wp-content\/uploads\/2017\/06\/2017-06-17-OstWest-1-banner.jpg\" alt=\"\" width=\"1200\" height=\"700\" srcset=\"https:\/\/christiankaiser.ch\/talk\/wp-content\/uploads\/2017\/06\/2017-06-17-OstWest-1-banner.jpg 1200w, https:\/\/christiankaiser.ch\/talk\/wp-content\/uploads\/2017\/06\/2017-06-17-OstWest-1-banner-300x175.jpg 300w, https:\/\/christiankaiser.ch\/talk\/wp-content\/uploads\/2017\/06\/2017-06-17-OstWest-1-banner-768x448.jpg 768w, https:\/\/christiankaiser.ch\/talk\/wp-content\/uploads\/2017\/06\/2017-06-17-OstWest-1-banner-600x350.jpg 600w\" sizes=\"auto, (max-width: 1200px) 100vw, 1200px\" \/><\/p>\n<p>Die letzte und zugleich auch gr\u00f6sste Stadt unserer Reise war\u00a0Shanghai. Hier staunten wir, <a href=\"http:\/\/christiankaiser.ch\/talk\/im-kopf-des-drachen\/\">wie modern China geworden war<\/a>, aber auch wie dennoch gewisse Dinge nicht so funktionieren wie wir es gewohnt sind. Schliesslich war es an der Zeit, sich <a href=\"http:\/\/christiankaiser.ch\/talk\/e-mail-an-meike\/\">bei jener Person zu bedanken<\/a>, die uns die Inspiration zu unserer grossen Reise geliefert hatte. Und immer wieder <a href=\"http:\/\/christiankaiser.ch\/talk\/dem-volk-ist-das-essen-der-himmel\/\">begeisterte uns in Shanghai das Essen<\/a> und \u00a0der Hang\u00a0der Chinesen zu <a href=\"http:\/\/christiankaiser.ch\/talk\/groesser-schneller-hoeher\/\">Superlativen<\/a>, sowie deren <a href=\"http:\/\/christiankaiser.ch\/talk\/konsum-hoch-drei\/\">unstillbares Konsumverhalten<\/a>.<\/p>\n<h4>Yunnan<\/h4>\n<p><img loading=\"lazy\" decoding=\"async\" class=\"size-full wp-image-1042\" src=\"http:\/\/christiankaiser.ch\/talk\/wp-content\/uploads\/2017\/06\/Reisterrassen.jpg\" alt=\"\" width=\"1200\" height=\"700\" srcset=\"https:\/\/christiankaiser.ch\/talk\/wp-content\/uploads\/2017\/06\/Reisterrassen.jpg 1200w, https:\/\/christiankaiser.ch\/talk\/wp-content\/uploads\/2017\/06\/Reisterrassen-300x175.jpg 300w, https:\/\/christiankaiser.ch\/talk\/wp-content\/uploads\/2017\/06\/Reisterrassen-768x448.jpg 768w, https:\/\/christiankaiser.ch\/talk\/wp-content\/uploads\/2017\/06\/Reisterrassen-600x350.jpg 600w\" sizes=\"auto, (max-width: 1200px) 100vw, 1200px\" \/><\/p>\n<p>Den Schluss unserer grossen Reise verbrachten wir in Yunnan, der wilden und farbenfrohen Provinz im S\u00fcdwesten Chinas. Hier <a href=\"http:\/\/christiankaiser.ch\/talk\/im-wilden-westen\/\">fuhren wir der alten Tee- &amp; Pferdestrasse entlang<\/a> von Weishan \u00fcber Dali nach Lijiang, <a href=\"http:\/\/christiankaiser.ch\/talk\/freche-affen-und-springende-tiger\/\">wanderten bei Regenwetter durch die steile Tigersprung-Schlucht<\/a>, lernten in Shangri-la <a href=\"http:\/\/christiankaiser.ch\/talk\/die-tibetische-baustelle\/\">die faszinierende Tibetische Kultur<\/a> \u00a0kennen, erkundeten schliesslich den <a href=\"http:\/\/christiankaiser.ch\/talk\/hoehlen-schwalben-und-doppelte-drachen\/\">S\u00fcden Yunnans<\/a> und blickten \u00fcber die grandiosen <a href=\"http:\/\/christiankaiser.ch\/talk\/reisterrassen-zum-abschluss\/\">Reisterrassen von Yuanyang<\/a>.<\/p>\n<p>Reich an Erfahrungen, Bekanntschaften und Eindr\u00fccken sind wir nun gl\u00fccklich wieder zuhause angekommen und gew\u00f6hnen uns so langsam wieder an den Alltag. Dieser Reise-Blog ist nun zu Ende, nach 68 Berichten, 67 Kommentaren und mehr als 5\u2019500 Seiten-Aufrufen. Ich hoffe, das Lesen hat Euch allen genauso viel Spass gemacht, wie mir das Schreiben.<\/p>\n<p><strong>Adi\u00f3s, good bye, \uc548\ub155, ni sa mode, \u518d\u89c1 und tsch\u00fcss!<\/strong><\/p>\n","protected":false},"excerpt":{"rendered":"<p>Wir sind wieder zuhause! Mit unserer Reise ist nun auch dieser Reise-Blog abgeschlossen. Unsere vielen Erlebnisse haben wir in Kopf und Herz gespeichert, aber auch auf diversen Fotos und in diesem Reise-Blog festgehalten. Buenos Aires Alles begann in Buenos Aires, wo wir uns nach einem ersten Schreck bestens eingelebt hatten. Sechs Wochen lang besuchten wir [&hellip;]<\/p>\n","protected":false},"author":1,"featured_media":103,"parent":0,"menu_order":0,"comment_status":"closed","ping_status":"closed","template":"template-fullwidth.php","meta":{"footnotes":""},"class_list":["post-904","page","type-page","status-publish","has-post-thumbnail","hentry","post","has-featured-image"],"_links":{"self":[{"href":"https:\/\/christiankaiser.ch\/talk\/wp-json\/wp\/v2\/pages\/904","targetHints":{"allow":["GET"]}}],"collection":[{"href":"https:\/\/christiankaiser.ch\/talk\/wp-json\/wp\/v2\/pages"}],"about":[{"href":"https:\/\/christiankaiser.ch\/talk\/wp-json\/wp\/v2\/types\/page"}],"author":[{"embeddable":true,"href":"https:\/\/christiankaiser.ch\/talk\/wp-json\/wp\/v2\/users\/1"}],"replies":[{"embeddable":true,"href":"https:\/\/christiankaiser.ch\/talk\/wp-json\/wp\/v2\/comments?post=904"}],"version-history":[{"count":15,"href":"https:\/\/christiankaiser.ch\/talk\/wp-json\/wp\/v2\/pages\/904\/revisions"}],"predecessor-version":[{"id":1054,"href":"https:\/\/christiankaiser.ch\/talk\/wp-json\/wp\/v2\/pages\/904\/revisions\/1054"}],"wp:featuredmedia":[{"embeddable":true,"href":"https:\/\/christiankaiser.ch\/talk\/wp-json\/wp\/v2\/media\/103"}],"wp:attachment":[{"href":"https:\/\/christiankaiser.ch\/talk\/wp-json\/wp\/v2\/media?parent=904"}],"curies":[{"name":"wp","href":"https:\/\/api.w.org\/{rel}","templated":true}]}}